{"id":18,"date":"2016-03-17T11:41:36","date_gmt":"2016-03-17T10:41:36","guid":{"rendered":"https:\/\/www.maizi.de\/blog\/?page_id=18"},"modified":"2025-11-05T12:20:43","modified_gmt":"2025-11-05T11:20:43","slug":"home","status":"publish","type":"page","link":"https:\/\/www.maizi.de\/blog\/","title":{"rendered":""},"content":{"rendered":"\n<figure class=\"wp-block-image size-large\"><img loading=\"lazy\" decoding=\"async\" width=\"1024\" height=\"443\" src=\"https:\/\/www.maizi.de\/blog\/wp-content\/uploads\/2022\/05\/Radioatelier-1024x443.jpg\" alt=\"\" class=\"wp-image-429\" srcset=\"https:\/\/www.maizi.de\/blog\/wp-content\/uploads\/2022\/05\/Radioatelier-1024x443.jpg 1024w, https:\/\/www.maizi.de\/blog\/wp-content\/uploads\/2022\/05\/Radioatelier-300x130.jpg 300w, https:\/\/www.maizi.de\/blog\/wp-content\/uploads\/2022\/05\/Radioatelier-768x332.jpg 768w, https:\/\/www.maizi.de\/blog\/wp-content\/uploads\/2022\/05\/Radioatelier-1536x664.jpg 1536w, https:\/\/www.maizi.de\/blog\/wp-content\/uploads\/2022\/05\/Radioatelier-2048x886.jpg 2048w, https:\/\/www.maizi.de\/blog\/wp-content\/uploads\/2022\/05\/Radioatelier-1200x519.jpg 1200w\" sizes=\"auto, (max-width: 709px) 85vw, (max-width: 909px) 67vw, (max-width: 1362px) 62vw, 840px\" \/><\/figure>\n\n\n\n<p><\/p>\n\n\n\n<h2 class=\"wp-block-heading\"><strong><em>H\u00f6r mal:<\/em><\/strong><\/h2>\n\n\n\n<figure class=\"wp-block-image size-full\"><img loading=\"lazy\" decoding=\"async\" width=\"828\" height=\"788\" src=\"https:\/\/www.maizi.de\/blog\/wp-content\/uploads\/2025\/11\/grafik-1.png\" alt=\"\" class=\"wp-image-552\" srcset=\"https:\/\/www.maizi.de\/blog\/wp-content\/uploads\/2025\/11\/grafik-1.png 828w, https:\/\/www.maizi.de\/blog\/wp-content\/uploads\/2025\/11\/grafik-1-300x286.png 300w, https:\/\/www.maizi.de\/blog\/wp-content\/uploads\/2025\/11\/grafik-1-768x731.png 768w\" sizes=\"auto, (max-width: 828px) 85vw, 828px\" \/><\/figure>\n\n\n\n<p>\u00dcber 350 Menschen bei einer H\u00f6rspiel-Urauff\u00fchrung! Ich war da, im Theatersaal des Klosters St. Ludwig, das zwischen W\u00fcrzburg und Schweinfurt liegt. Die Handlung des St\u00fccks beginnt ganz in der N\u00e4he, im unterfr\u00e4nkischen Unterspiesheim. Dort kommt der vergessene Held her, um den es geht: Andreas Stumpf, G\u00e4rtner und &#8222;Lebensmittelretter&#8220;, und ma\u00dfgeblich daran beteiligt, dass Apfelsaft nicht als Most, sondern alkoholfrei lagerf\u00e4hig wurde. Das war in den 20-er Jahren des letzten Jahrhunderts eine kleine Revolution. Einen leichten Start hatte Andreas Stumpf nicht. Als Jugendlicher erkrankte er schwer; um zu genesen, musste seinen Heimatort verlassen. F\u00fcr einen Kuraufenthalt in W\u00f6rishofen fehlten ihm die Mittel. Aber er hatte den Mut, etwas Neues zu wagen.<br>Das Autor\/Regie-Duo Rosie F\u00fcglein und Stefan Menz erz\u00e4hlt die spannende Lebensgeschichte in vielen lebendigen Szenen &#8211; und mit vielen Sprecher*innen aus der Region, die den Charakteren ihre Stimme leihen. Herausgekommen ist ein H\u00f6rspiel mit Biss, Witz und Charme.<br>Ich habe das Team dramaturgisch und aufnahmetechnisch beraten und bin super gl\u00fccklich, dass das Ergebnis so toll ist!<\/p>\n\n\n\n<p class=\"has-text-align-left\">Neugierig? Hier kann man das H\u00f6rspiel (15 \u20ac + Portokosten) bestellen:<br>hoerspiel-stumpf@gmx.de<br>Gratis zu h\u00f6ren wird es demn\u00e4chst in der Unterspiesheimer Kirche sein&#8230;<\/p>\n\n\n\n<figure class=\"wp-block-image is-resized\"><img loading=\"lazy\" decoding=\"async\" width=\"2560\" height=\"2560\" src=\"https:\/\/www.maizi.de\/blog\/wp-content\/uploads\/2025\/11\/Wipfeld-edited-scaled.jpg\" alt=\"\" class=\"wp-image-557\" style=\"width:568px;height:auto\" srcset=\"https:\/\/www.maizi.de\/blog\/wp-content\/uploads\/2025\/11\/Wipfeld-edited-scaled.jpg 2560w, https:\/\/www.maizi.de\/blog\/wp-content\/uploads\/2025\/11\/Wipfeld-edited-300x300.jpg 300w, https:\/\/www.maizi.de\/blog\/wp-content\/uploads\/2025\/11\/Wipfeld-edited-1024x1024.jpg 1024w, https:\/\/www.maizi.de\/blog\/wp-content\/uploads\/2025\/11\/Wipfeld-edited-150x150.jpg 150w, https:\/\/www.maizi.de\/blog\/wp-content\/uploads\/2025\/11\/Wipfeld-edited-768x768.jpg 768w, https:\/\/www.maizi.de\/blog\/wp-content\/uploads\/2025\/11\/Wipfeld-edited-1536x1536.jpg 1536w, https:\/\/www.maizi.de\/blog\/wp-content\/uploads\/2025\/11\/Wipfeld-edited-2048x2048.jpg 2048w, https:\/\/www.maizi.de\/blog\/wp-content\/uploads\/2025\/11\/Wipfeld-edited-1200x1200.jpg 1200w\" sizes=\"auto, (max-width: 709px) 85vw, (max-width: 909px) 67vw, (max-width: 1362px) 62vw, 840px\" \/><figcaption class=\"wp-element-caption\">H\u00f6rspielpremiere am 26. Oktober 2025 im Kloster St. Ludwig in Wipfeld<\/figcaption><\/figure>\n\n\n\n<h6 class=\"wp-block-heading\"><em><strong>Was schon zum Gratis-H\u00f6ren bereit ist:<\/strong><\/em><\/h6>\n\n\n\n<p>ARD Radio Tatort &#8222;Im Abseits&#8220; von Friedrich Ani<br>auf SWR Kultur am 11. Oktober um 19.04 Uhr<br>&amp; in der <a href=\"https:\/\/www.ardaudiothek.de\/episode\/urn:ard:episode:ed0adb2d2de91a82\/\" data-type=\"link\" data-id=\"https:\/\/www.ardaudiothek.de\/episode\/urn:ard:episode:ed0adb2d2de91a82\/\" target=\"_blank\" rel=\"noreferrer noopener\">ARD-Audiothek<\/a><\/p>\n\n\n\n<p>In einem Gartenh\u00e4uschen nahe Landau wird eine Frau tot aufgefunden. Es handelt sich um die Physiotherapeutin Silvia Graff, die auch M\u00e4dchen aus der Fu\u00dfballmannschaft ihres Freundes Torsten Jahnke behandelt hat. Anima King und ihr Kollege Claudius Piroso finden am Tatort ein K\u00fcchenmesser, mit dem die Tat wohl begangen wurde &#8211; und ein verst\u00f6rtes 13-j\u00e4hriges M\u00e4dchen. Was haben Mia und ihre Freundin Emma f\u00fcr ein Geheimnis? Und was f\u00fcr eine Rolle spielt ihr ehrgeiziger Trainer? Ein dunkles St\u00fcck um geplatzte Tr\u00e4ume und eine verlorene Kindheit.<\/p>\n\n\n\n<p>Mit: Janina Fautz, Sierck Radzei, Lisa Wagner, C\u00e9dric Cavatore, Yasmina Djaballah, Johanna Klundt, Julia Worst und anderen. Regie: Maidon Bader<\/p>\n\n\n\n<h6 class=\"wp-block-heading\"><strong><em>und dies:<\/em><\/strong><\/h6>\n\n\n\n<p><a href=\"https:\/\/www.ardaudiothek.de\/episode\/urn:ard:episode:9d85a9ce3825486c\/\" data-type=\"link\" data-id=\"https:\/\/www.ardaudiothek.de\/episode\/urn:ard:episode:9d85a9ce3825486c\/\" target=\"_blank\" rel=\"noreferrer noopener\">Fremd und vertraut \u2013 Unterwegs in Paris mit der Schriftstellerin Anne Weber<\/a><br>Feature von Beate Tr\u00f6ger<br>SWR Kultur 2025<br><br>Die Literaturkritikerin Beate Tr\u00f6ger begleitet die Schriftstellerin Anne Weber in die Pariser Banlieue. Sie will herausfinden, was Anne Weber zu ihrem Roman <a href=\"https:\/\/www.matthes-seitz-berlin.de\/buch\/bannmeilen.html\" data-type=\"link\" data-id=\"https:\/\/www.matthes-seitz-berlin.de\/buch\/bannmeilen.html\" target=\"_blank\" rel=\"noreferrer noopener\">&#8222;Bannmeilen&#8220;<\/a> inspiriert hat: Was bewog diese, ihr gewohntes Umfeld, das 19. Arrondissement von Paris, zu verlassen und den Blick auf das Paris &#8222;extra muros&#8220; zu richten? Was brauchte sie, um die ihr fremde Welt zu erschlie\u00dfen? Neben einem klaren, unbestechlichen Blick auf jeden Fall einen guten Freund, einen, der hier aufgewachsen ist und der die Codes der Banlieue f\u00fcr sie entschl\u00fcsseln kann. Der sie bei ihren Streifz\u00fcgen begleitet und mit einer Mischung aus Faszination und Unverst\u00e4ndnis beobachtet, wie sie Fundst\u00fccke von der Stra\u00dfe aufhebt, um sie zu Hause in einem Karton aufzubewahren. Ungew\u00f6hnliche Souvenirs, die ihre R\u00e4tsel nicht preisgeben. Bruno Boudjelal, schon seit vielen Jahren mit Anne Weber befreundet, ist Fotograf. Gleich zu Anfang nimmt uns das Feature mit zur Vernissage seiner Arbeiten \u00fcber die Banlieue.<\/p>\n\n\n\n<h3 class=\"wp-block-heading\"><strong><em>Lies mal<\/em><\/strong>:<\/h3>\n\n\n\n<p>Der Literaturbote 145 mit dem Titel <strong>&#8222;Und jetzt?&#8220;<\/strong> ist erschienen:<\/p>\n\n\n\n<div class=\"wp-block-media-text is-stacked-on-mobile\"><figure class=\"wp-block-media-text__media\"><img loading=\"lazy\" decoding=\"async\" width=\"768\" height=\"1024\" src=\"https:\/\/www.maizi.de\/blog\/wp-content\/uploads\/2024\/11\/Foto-Literaturbote-768x1024.jpg\" alt=\"\" class=\"wp-image-514 size-full\" srcset=\"https:\/\/www.maizi.de\/blog\/wp-content\/uploads\/2024\/11\/Foto-Literaturbote-768x1024.jpg 768w, https:\/\/www.maizi.de\/blog\/wp-content\/uploads\/2024\/11\/Foto-Literaturbote-225x300.jpg 225w, https:\/\/www.maizi.de\/blog\/wp-content\/uploads\/2024\/11\/Foto-Literaturbote-1152x1536.jpg 1152w, https:\/\/www.maizi.de\/blog\/wp-content\/uploads\/2024\/11\/Foto-Literaturbote-1536x2048.jpg 1536w, https:\/\/www.maizi.de\/blog\/wp-content\/uploads\/2024\/11\/Foto-Literaturbote-1200x1600.jpg 1200w, https:\/\/www.maizi.de\/blog\/wp-content\/uploads\/2024\/11\/Foto-Literaturbote-scaled.jpg 1920w\" sizes=\"auto, (max-width: 768px) 85vw, 768px\" \/><\/figure><div class=\"wp-block-media-text__content\">\n<p>Die Antwort auf &#8222;Und jetzt?&#8220; lautet: &#8222;Ist Schluss&#8220;. Leider. Nichtsdestotrotz: Der Literaturbote versammelt in seiner letzten Ausgabe Lyrik und Prosa von ganz unterschiedlichen Autor*innen. Gehaltvoll, nahrhaft, langanhaltend, Lesestoff.<\/p>\n<\/div><\/div>\n\n\n\n<p><\/p>\n\n\n\n<p><\/p>\n\n\n\n<p><\/p>\n\n\n\n<h3 class=\"wp-block-heading\"><strong><em>Das war einmal&#8230;<\/em><\/strong><\/h3>\n\n\n<div class=\"wp-block-image\">\n<figure class=\"alignright size-full is-resized\"><img loading=\"lazy\" decoding=\"async\" width=\"438\" height=\"438\" src=\"https:\/\/www.maizi.de\/blog\/wp-content\/uploads\/2022\/05\/kulturmetzgerei-logo-mit-wurst.webp\" alt=\"\" class=\"wp-image-416\" style=\"width:161px;height:161px\" srcset=\"https:\/\/www.maizi.de\/blog\/wp-content\/uploads\/2022\/05\/kulturmetzgerei-logo-mit-wurst.webp 438w, https:\/\/www.maizi.de\/blog\/wp-content\/uploads\/2022\/05\/kulturmetzgerei-logo-mit-wurst-300x300.webp 300w, https:\/\/www.maizi.de\/blog\/wp-content\/uploads\/2022\/05\/kulturmetzgerei-logo-mit-wurst-150x150.webp 150w\" sizes=\"auto, (max-width: 438px) 85vw, 438px\" \/><\/figure>\n<\/div>\n\n\n<div class=\"wp-block-group\"><div class=\"wp-block-group__inner-container is-layout-flow wp-block-group-is-layout-flow\">\n<div class=\"wp-block-columns are-vertically-aligned-center is-layout-flex wp-container-core-columns-is-layout-9d6595d7 wp-block-columns-is-layout-flex\">\n<div class=\"wp-block-column is-vertically-aligned-center is-layout-flow wp-block-column-is-layout-flow\" style=\"flex-basis:100%\">\n<h3 class=\"wp-block-heading\">&#8222;<strong>B<\/strong>lack Box.<strong><br><\/strong>Ein Ohr f\u00fcr deine Geschichte&#8220;<\/h3>\n\n\n\n<p>Kunstprojekt in der KulturMetzgerei Seeheim im Mai\/Juni 2022:<\/p>\n<\/div>\n<\/div>\n<\/div><\/div>\n\n\n\n<figure class=\"wp-block-audio\"><audio controls src=\"https:\/\/www.maizi.de\/blog\/wp-content\/uploads\/2022\/06\/Flusskreuzfahrt.mp3\"><\/audio><figcaption class=\"wp-element-caption\">Flusskreuzfahrt: Ein Ehepaar begibt sich im Lockdown auf eine Silvesterreise.<\/figcaption><\/figure>\n\n\n\n<p><em>Die Idee:<\/em><\/p>\n\n\n\n<p>Wie w\u00e4re es, eine Box zu haben, innen schwarz ausgekleidet, die begehbar ist? <br>Sich darin niederzulassen, zu Atem zu kommen und anzufangen zu reden? <br>Wie w\u00e4re es zu wissen, dass auf der anderen Seite jemand zuh\u00f6rt?<\/p>\n\n\n\n<figure class=\"wp-block-image size-large is-resized\"><img decoding=\"async\" src=\"https:\/\/kulturmetzgerei.files.wordpress.com\/2022\/04\/img_9838-sw.jpg?w=1024\" alt=\"\" class=\"wp-image-2815\" style=\"width:694px;height:390px\"\/><\/figure>\n\n\n\n<blockquote class=\"wp-block-quote is-style-default is-layout-flow wp-block-quote-is-layout-flow\">\n<p>\u201eWenn du mir nichts sagen willst, so klag dem alten Eisenofen da dein Leid!\u201c<\/p>\n<\/blockquote>\n\n\n\n<p>So spricht der alte K\u00f6nig in Grimms M\u00e4rchen zur G\u00e4nsemagd. <br>Sie war einmal Prinzessin, doch sie darf \u00fcber das, was ihr geschehen ist, nicht sprechen. <br>Also steigt sie in den Eisenofen und sch\u00fcttet dort ihr Herz aus.<\/p>\n\n\n\n<p><\/p>\n\n\n\n<figure class=\"wp-block-audio\"><audio controls src=\"https:\/\/www.maizi.de\/blog\/wp-content\/uploads\/2022\/06\/Liebeserkla\u0308rung-an-die-Welt.mp3\"><\/audio><figcaption class=\"wp-element-caption\">Liebeserkl\u00e4rung an die Welt: Eine Frau erz\u00e4hlt dir, wie du die Welt lieben kannst, selbst wenn du gerade traurig bist.<\/figcaption><\/figure>\n\n\n\n<p>Wie der Prinzessin im M\u00e4rchen, die sich unversehens als G\u00e4nsemagd wiedersah und die Welt nicht mehr verstand, so ging es auch mir oft angesichts der Ver\u00e4nderungen in den letzten beiden Jahren. <br>Und so wie sie &#8211; dachte ich &#8211; brauchen wir vielleicht Zeit und Raum, um das Erlebte zu reflektieren.<br><\/p>\n\n\n\n<p><\/p>\n\n\n\n<figure class=\"wp-block-audio\"><audio controls src=\"https:\/\/www.maizi.de\/blog\/wp-content\/uploads\/2022\/06\/Pausen-machen.mp3\"><\/audio><figcaption class=\"wp-element-caption\">Pausen machen: Ein Mann spricht \u00fcber die Pausen in seinem Alltag.<\/figcaption><\/figure>\n\n\n\n<p><\/p>\n\n\n\n<p>So baute ich eine schwarze Box und stellte sie in der KulturMetzgerei auf, einen gesch\u00fctzten Raum im Raum, der verschluckt oder ausspuckt, was darin gesprochen wurde. Statt des Ofenrohrs, durch das die M\u00e4rchenprinzessin spricht, hatte die Box ein Mikrofon. <\/p>\n\n\n\n<p>Menschen kamen und erz\u00e4hlten von Dingen, die sie besch\u00e4ftigen oder bewegen. Manche zogen ein &#8222;Black Box-Los&#8220; aus einer Kiste mit Fragen, auf die sie dann eine Antwort fanden. Ich sa\u00df vor der Box, h\u00f6rte zu, nahm auf, l\u00f6schte das Gesprochene oder ver\u00f6ffentliche es, je nach Wunsch meines Gegen\u00fcbers. <\/p>\n\n\n\n<figure class=\"wp-block-audio\"><audio controls src=\"https:\/\/www.maizi.de\/blog\/wp-content\/uploads\/2022\/07\/Max-an-sich-selbst_ku\u0308rzer.mp3\"><\/audio><figcaption class=\"wp-element-caption\">Einer zieht ein Black Box-Los und macht sich auf die Suche nach dem, was er sich schon immer mal selbst sagen wollte.<\/figcaption><\/figure>\n\n\n\n<figure class=\"wp-block-image size-large is-resized\"><img loading=\"lazy\" decoding=\"async\" width=\"1024\" height=\"768\" src=\"https:\/\/www.maizi.de\/blog\/wp-content\/uploads\/2022\/05\/Black-Box-from-outside-1024x768.jpg\" alt=\"\" class=\"wp-image-434\" style=\"width:735px;height:551px\" srcset=\"https:\/\/www.maizi.de\/blog\/wp-content\/uploads\/2022\/05\/Black-Box-from-outside-1024x768.jpg 1024w, https:\/\/www.maizi.de\/blog\/wp-content\/uploads\/2022\/05\/Black-Box-from-outside-300x225.jpg 300w, https:\/\/www.maizi.de\/blog\/wp-content\/uploads\/2022\/05\/Black-Box-from-outside-768x576.jpg 768w, https:\/\/www.maizi.de\/blog\/wp-content\/uploads\/2022\/05\/Black-Box-from-outside-1536x1152.jpg 1536w, https:\/\/www.maizi.de\/blog\/wp-content\/uploads\/2022\/05\/Black-Box-from-outside-2048x1536.jpg 2048w, https:\/\/www.maizi.de\/blog\/wp-content\/uploads\/2022\/05\/Black-Box-from-outside-1200x900.jpg 1200w\" sizes=\"auto, (max-width: 709px) 85vw, (max-width: 909px) 67vw, (max-width: 1362px) 62vw, 840px\" \/><\/figure>\n\n\n\n<p><\/p>\n\n\n\n<p><strong><em>H\u00f6r mehr aus der Black Box:<\/em><\/strong><\/p>\n\n\n\n<figure class=\"wp-block-audio\"><audio controls src=\"https:\/\/www.maizi.de\/blog\/wp-content\/uploads\/2022\/06\/Das-unvollendete-Bild.mp3\"><\/audio><figcaption class=\"wp-element-caption\">Das unvollendete Bild: Ein Kind kommt in die Black Box und bringt seine ganze Welt mit.<\/figcaption><\/figure>\n\n\n\n<p><\/p>\n\n\n\n<figure class=\"wp-block-audio\"><audio controls src=\"https:\/\/www.maizi.de\/blog\/wp-content\/uploads\/2022\/07\/Fitz.mp3\"><\/audio><figcaption class=\"wp-element-caption\">Was w\u00fcrdest du tun? &#8211; Ein Schauspieler kriegt ein Rollenangebot, \u00fcber das er erstmal nachdenken muss.<\/figcaption><\/figure>\n\n\n\n<p><br><\/p>\n\n\n\n<figure class=\"wp-block-audio\"><audio controls src=\"https:\/\/www.maizi.de\/blog\/wp-content\/uploads\/2022\/07\/Freundschaft-1.mp3\"><\/audio><figcaption class=\"wp-element-caption\">Durchs Ofenrohr gesprochen: \u00dcber Freundschaft<\/figcaption><\/figure>\n\n\n\n<p><\/p>\n","protected":false},"excerpt":{"rendered":"<p>H\u00f6r mal: \u00dcber 350 Menschen bei einer H\u00f6rspiel-Urauff\u00fchrung! Ich war da, im Theatersaal des Klosters St. Ludwig, das zwischen W\u00fcrzburg und Schweinfurt liegt. Die Handlung des St\u00fccks beginnt ganz in der N\u00e4he, im unterfr\u00e4nkischen Unterspiesheim. Dort kommt der vergessene Held her, um den es geht: Andreas Stumpf, G\u00e4rtner und &#8222;Lebensmittelretter&#8220;, und ma\u00dfgeblich daran beteiligt, dass &hellip; <a href=\"https:\/\/www.maizi.de\/blog\/\" class=\"more-link\"><span class=\"screen-reader-text\">\u201e\u201c <\/span>weiterlesen<\/a><\/p>\n","protected":false},"author":1,"featured_media":0,"parent":0,"menu_order":0,"comment_status":"closed","ping_status":"closed","template":"","meta":{"footnotes":""},"class_list":["post-18","page","type-page","status-publish","hentry"],"_links":{"self":[{"href":"https:\/\/www.maizi.de\/blog\/wp-json\/wp\/v2\/pages\/18","targetHints":{"allow":["GET"]}}],"collection":[{"href":"https:\/\/www.maizi.de\/blog\/wp-json\/wp\/v2\/pages"}],"about":[{"href":"https:\/\/www.maizi.de\/blog\/wp-json\/wp\/v2\/types\/page"}],"author":[{"embeddable":true,"href":"https:\/\/www.maizi.de\/blog\/wp-json\/wp\/v2\/users\/1"}],"replies":[{"embeddable":true,"href":"https:\/\/www.maizi.de\/blog\/wp-json\/wp\/v2\/comments?post=18"}],"version-history":[{"count":10,"href":"https:\/\/www.maizi.de\/blog\/wp-json\/wp\/v2\/pages\/18\/revisions"}],"predecessor-version":[{"id":565,"href":"https:\/\/www.maizi.de\/blog\/wp-json\/wp\/v2\/pages\/18\/revisions\/565"}],"wp:attachment":[{"href":"https:\/\/www.maizi.de\/blog\/wp-json\/wp\/v2\/media?parent=18"}],"curies":[{"name":"wp","href":"https:\/\/api.w.org\/{rel}","templated":true}]}}