{"id":16,"date":"2016-03-17T11:40:44","date_gmt":"2016-03-17T10:40:44","guid":{"rendered":"https:\/\/www.maizi.de\/blog\/?page_id=16"},"modified":"2016-03-31T12:39:54","modified_gmt":"2016-03-31T10:39:54","slug":"erzaehlerin","status":"publish","type":"page","link":"https:\/\/www.maizi.de\/blog\/erzaehlerin\/","title":{"rendered":"Erz\u00e4hlerin"},"content":{"rendered":"<figure id=\"attachment_103\" aria-describedby=\"caption-attachment-103\" style=\"width: 638px\" class=\"wp-caption alignnone\"><img loading=\"lazy\" decoding=\"async\" class=\"wp-image-103\" src=\"https:\/\/www.maizi.de\/blog\/wp-content\/uploads\/2016\/03\/IMG_5335-300x225.jpg\" alt=\"IMG_5335\" width=\"638\" height=\"478\" srcset=\"https:\/\/www.maizi.de\/blog\/wp-content\/uploads\/2016\/03\/IMG_5335-300x225.jpg 300w, https:\/\/www.maizi.de\/blog\/wp-content\/uploads\/2016\/03\/IMG_5335-768x576.jpg 768w, https:\/\/www.maizi.de\/blog\/wp-content\/uploads\/2016\/03\/IMG_5335-1024x768.jpg 1024w, https:\/\/www.maizi.de\/blog\/wp-content\/uploads\/2016\/03\/IMG_5335-1200x900.jpg 1200w\" sizes=\"auto, (max-width: 638px) 85vw, 638px\" \/><figcaption id=\"caption-attachment-103\" class=\"wp-caption-text\">Orientalischer Abend in der KulturMetzgerei, Oktober 2015. Mit Daniela Zeissler und Mahmoud Khoda. Bild: Tanja Koch | Foto: Zeissler<\/figcaption><\/figure>\n<p>Erz\u00e4hlen &#8211; hier die Geschichte von Schahrazad und 1001 Nacht. Das russische<br \/>\nM\u00e4rchen &#8222;Wassilissa, die Wundersch\u00f6ne&#8220; und &#8222;Der Frieder und das<br \/>\nCatherlieschen&#8220; der Gebr\u00fcder Grimm. Das alles sind Geschichten, die ihre Kraft<br \/>\nin der Erz\u00e4hlung entfalten. Sie entstehen neu im Angesicht des Publikums. Daf\u00fcr<br \/>\nbraucht es einen Rahmen, der dem Erz\u00e4hlten angemessen ist, einen Raum der<br \/>\nRuhe, so wie hier, und Zeit.<\/p>\n<p>&nbsp;<\/p>\n<p>&nbsp;<\/p>\n<p>&nbsp;<\/p>\n<p>&nbsp;<\/p>\n<p>&nbsp;<\/p>\n","protected":false},"excerpt":{"rendered":"<p>Erz\u00e4hlen &#8211; hier die Geschichte von Schahrazad und 1001 Nacht. Das russische M\u00e4rchen &#8222;Wassilissa, die Wundersch\u00f6ne&#8220; und &#8222;Der Frieder und das Catherlieschen&#8220; der Gebr\u00fcder Grimm. Das alles sind Geschichten, die ihre Kraft in der Erz\u00e4hlung entfalten. Sie entstehen neu im Angesicht des Publikums. Daf\u00fcr braucht es einen Rahmen, der dem Erz\u00e4hlten angemessen ist, einen Raum &hellip; <a href=\"https:\/\/www.maizi.de\/blog\/erzaehlerin\/\" class=\"more-link\"><span class=\"screen-reader-text\">\u201eErz\u00e4hlerin\u201c <\/span>weiterlesen<\/a><\/p>\n","protected":false},"author":1,"featured_media":0,"parent":0,"menu_order":0,"comment_status":"closed","ping_status":"closed","template":"","meta":{"footnotes":""},"class_list":["post-16","page","type-page","status-publish","hentry"],"_links":{"self":[{"href":"https:\/\/www.maizi.de\/blog\/wp-json\/wp\/v2\/pages\/16","targetHints":{"allow":["GET"]}}],"collection":[{"href":"https:\/\/www.maizi.de\/blog\/wp-json\/wp\/v2\/pages"}],"about":[{"href":"https:\/\/www.maizi.de\/blog\/wp-json\/wp\/v2\/types\/page"}],"author":[{"embeddable":true,"href":"https:\/\/www.maizi.de\/blog\/wp-json\/wp\/v2\/users\/1"}],"replies":[{"embeddable":true,"href":"https:\/\/www.maizi.de\/blog\/wp-json\/wp\/v2\/comments?post=16"}],"version-history":[{"count":0,"href":"https:\/\/www.maizi.de\/blog\/wp-json\/wp\/v2\/pages\/16\/revisions"}],"wp:attachment":[{"href":"https:\/\/www.maizi.de\/blog\/wp-json\/wp\/v2\/media?parent=16"}],"curies":[{"name":"wp","href":"https:\/\/api.w.org\/{rel}","templated":true}]}}